{"id":1365,"date":"2026-03-31T17:38:28","date_gmt":"2026-04-01T00:38:28","guid":{"rendered":"https:\/\/guia7.com\/?post_type=product&#038;p=1365"},"modified":"2026-03-31T17:38:29","modified_gmt":"2026-04-01T00:38:29","slug":"joyful-tapestry-lenormand-kipper","status":"publish","type":"product","link":"https:\/\/guia7.com\/es\/joyful-tapestry-lenormand-kipper\/","title":{"rendered":"Joyful Tapestry \u2014 Lenormand + Kipper"},"content":{"rendered":"<h3 data-section-id=\"1711hrv\" data-start=\"4653\" data-end=\"4692\">Print-on-demand: lo que debes saber<\/h3>\n<p data-start=\"4693\" data-end=\"4762\">Estos mazos se imprimen bajo pedido a trav\u00e9s de MakePlayingCards.com.<\/p>\n<ul data-start=\"4764\" data-end=\"4895\">\n<li data-section-id=\"izzhoq\" data-start=\"4764\" data-end=\"4816\">\n<p data-start=\"4766\" data-end=\"4816\">Producci\u00f3n + env\u00edo internacional: <strong data-start=\"4800\" data-end=\"4814\">20\u201330 d\u00edas<\/strong><\/p>\n<\/li>\n<li data-section-id=\"1vnh4tt\" data-start=\"4817\" data-end=\"4845\">\n<p data-start=\"4819\" data-end=\"4845\">Se imprimen y env\u00edan desde <strong data-start=\"4834\" data-end=\"4843\">China<\/strong><\/p>\n<\/li>\n<li data-section-id=\"1o81gto\" data-start=\"4846\" data-end=\"4895\">\n<p data-start=\"4848\" data-end=\"4895\">No hay reembolsos (producto impreso por pedido)<\/p>\n<\/li>\n<\/ul>","protected":false},"excerpt":{"rendered":"<p data-start=\"3345\" data-end=\"3388\">El mazo m\u00e1s \u201cobra de arte\u201d de la colecci\u00f3n.<\/p>\n<p data-start=\"3390\" data-end=\"3493\">Un sistema homog\u00e9neo para leer Lenormand + Kipper juntos, con est\u00e9tica explosiva y art\u00edstica tipo \u00f3leo.<\/p>\n<ul>\n<li data-start=\"3495\" data-end=\"3619\">Lenormand hol\u00edstico + Kipper tradicional<\/li>\n<li data-start=\"3495\" data-end=\"3619\">Tama\u00f1o cuadrado grande 3.5\u201d<\/li>\n<li data-start=\"3495\" data-end=\"3619\">Visualmente el m\u00e1s hermoso y coleccionable<\/li>\n<\/ul>\n<h3 data-start=\"3495\" data-end=\"3619\">Si quieres <strong data-start=\"4482\" data-end=\"4505\">colecci\u00f3n + belleza<\/strong> el <strong data-start=\"4508\" data-end=\"4527\">Joyful Tapestry Lenormand + Kipper es para ti<\/strong><\/h3>\n<p data-start=\"3495\" data-end=\"3619\">","protected":false},"featured_media":0,"template":"","meta":{"neve_meta_sidebar":"","neve_meta_container":"","neve_meta_enable_content_width":"off","neve_meta_content_width":100,"neve_meta_title_alignment":"","neve_meta_author_avatar":"","neve_post_elements_order":"","neve_meta_disable_header":"","neve_meta_disable_footer":"","neve_meta_disable_title":""},"product_brand":[],"product_cat":[25,19],"product_tag":[],"class_list":{"0":"post-1365","1":"product","2":"type-product","3":"status-publish","5":"product_cat-kipper","6":"product_cat-lenormand","8":"first","9":"instock","10":"taxable","11":"shipping-taxable","12":"product-type-external"},"_links":{"self":[{"href":"https:\/\/guia7.com\/es\/wp-json\/wp\/v2\/product\/1365","targetHints":{"allow":["GET"]}}],"collection":[{"href":"https:\/\/guia7.com\/es\/wp-json\/wp\/v2\/product"}],"about":[{"href":"https:\/\/guia7.com\/es\/wp-json\/wp\/v2\/types\/product"}],"version-history":[{"count":2,"href":"https:\/\/guia7.com\/es\/wp-json\/wp\/v2\/product\/1365\/revisions"}],"predecessor-version":[{"id":1385,"href":"https:\/\/guia7.com\/es\/wp-json\/wp\/v2\/product\/1365\/revisions\/1385"}],"wp:attachment":[{"href":"https:\/\/guia7.com\/es\/wp-json\/wp\/v2\/media?parent=1365"}],"wp:term":[{"taxonomy":"product_brand","embeddable":true,"href":"https:\/\/guia7.com\/es\/wp-json\/wp\/v2\/product_brand?post=1365"},{"taxonomy":"product_cat","embeddable":true,"href":"https:\/\/guia7.com\/es\/wp-json\/wp\/v2\/product_cat?post=1365"},{"taxonomy":"product_tag","embeddable":true,"href":"https:\/\/guia7.com\/es\/wp-json\/wp\/v2\/product_tag?post=1365"}],"curies":[{"name":"wp","href":"https:\/\/api.w.org\/{rel}","templated":true}]}}