{"id":151,"date":"2022-08-06T18:24:54","date_gmt":"2022-08-07T01:24:54","guid":{"rendered":"https:\/\/www.guia7.com\/?post_type=product&#038;p=151"},"modified":"2026-03-31T17:02:10","modified_gmt":"2026-04-01T00:02:10","slug":"holistic-lenormand","status":"publish","type":"product","link":"https:\/\/guia7.com\/es\/holistic-lenormand\/","title":{"rendered":"Lenormand Hol\u00edstico"},"content":{"rendered":"<h3 data-section-id=\"1711hrv\" data-start=\"4653\" data-end=\"4692\">Print-on-demand: lo que debes saber<\/h3>\n<p data-start=\"4693\" data-end=\"4762\">Estos mazos se imprimen bajo pedido a trav\u00e9s de MakePlayingCards.com.<\/p>\n<ul data-start=\"4764\" data-end=\"4895\">\n<li data-section-id=\"izzhoq\" data-start=\"4764\" data-end=\"4816\">\n<p data-start=\"4766\" data-end=\"4816\">Producci\u00f3n + env\u00edo internacional: <strong data-start=\"4800\" data-end=\"4814\">20\u201330 d\u00edas<\/strong><\/p>\n<\/li>\n<li data-section-id=\"1vnh4tt\" data-start=\"4817\" data-end=\"4845\">\n<p data-start=\"4819\" data-end=\"4845\">Se imprimen y env\u00edan desde <strong data-start=\"4834\" data-end=\"4843\">China<\/strong><\/p>\n<\/li>\n<li data-section-id=\"1o81gto\" data-start=\"4846\" data-end=\"4895\">\n<p data-start=\"4848\" data-end=\"4895\">No hay reembolsos (producto impreso por pedido)<\/p>\n<\/li>\n<\/ul>\n<p>&nbsp;<\/p>","protected":false},"excerpt":{"rendered":"<p data-start=\"2243\" data-end=\"2324\">Un homenaje al Lenormand tradicional con est\u00e9tica antigua, pero sin ruido visual.<\/p>\n<p data-start=\"2326\" data-end=\"2431\">Aqu\u00ed la energ\u00eda se siente como \u201c\u00e9poca cl\u00e1sica\u201d, pero la lectura sigue siendo pr\u00e1ctica, clara y hol\u00edstica.<\/p>\n<ul>\n<li data-start=\"2433\" data-end=\"2605\">Tama\u00f1o mini 1.75 x 2.5\u201d<\/li>\n<li data-start=\"2433\" data-end=\"2605\">Variantes hol\u00edsticas + cartas extra adaptadas a su temporalidad<\/li>\n<li data-start=\"2433\" data-end=\"2605\">Est\u00e9tica tipo Pride &amp; Prejudice + maquinaria antigua, s\u00edmbolos cl\u00e1sicos<\/li>\n<\/ul>\n<h3>Si quieres <strong data-start=\"4308\" data-end=\"4328\">est\u00e9tica cl\u00e1sica<\/strong> elige el <strong data-start=\"4331\" data-end=\"4354\">Lenormand Hol\u00edstico<\/strong><\/h3>","protected":false},"featured_media":282,"template":"","meta":{"neve_meta_sidebar":"","neve_meta_container":"","neve_meta_enable_content_width":"off","neve_meta_content_width":100,"neve_meta_title_alignment":"","neve_meta_author_avatar":"","neve_post_elements_order":"","neve_meta_disable_header":"","neve_meta_disable_footer":"","neve_meta_disable_title":""},"product_brand":[],"product_cat":[17,19],"product_tag":[22,21,23,20],"class_list":{"0":"post-151","1":"product","2":"type-product","3":"status-publish","4":"has-post-thumbnail","6":"product_cat-guia7-card-decks","7":"product_cat-lenormand","8":"product_tag-makeplayingcards","9":"product_tag-mpc","10":"product_tag-plastic","11":"product_tag-print-on-demand","13":"first","14":"instock","15":"featured","16":"taxable","17":"shipping-taxable","18":"product-type-external"},"_links":{"self":[{"href":"https:\/\/guia7.com\/es\/wp-json\/wp\/v2\/product\/151","targetHints":{"allow":["GET"]}}],"collection":[{"href":"https:\/\/guia7.com\/es\/wp-json\/wp\/v2\/product"}],"about":[{"href":"https:\/\/guia7.com\/es\/wp-json\/wp\/v2\/types\/product"}],"version-history":[{"count":4,"href":"https:\/\/guia7.com\/es\/wp-json\/wp\/v2\/product\/151\/revisions"}],"predecessor-version":[{"id":300,"href":"https:\/\/guia7.com\/es\/wp-json\/wp\/v2\/product\/151\/revisions\/300"}],"wp:featuredmedia":[{"embeddable":true,"href":"https:\/\/guia7.com\/es\/wp-json\/wp\/v2\/media\/282"}],"wp:attachment":[{"href":"https:\/\/guia7.com\/es\/wp-json\/wp\/v2\/media?parent=151"}],"wp:term":[{"taxonomy":"product_brand","embeddable":true,"href":"https:\/\/guia7.com\/es\/wp-json\/wp\/v2\/product_brand?post=151"},{"taxonomy":"product_cat","embeddable":true,"href":"https:\/\/guia7.com\/es\/wp-json\/wp\/v2\/product_cat?post=151"},{"taxonomy":"product_tag","embeddable":true,"href":"https:\/\/guia7.com\/es\/wp-json\/wp\/v2\/product_tag?post=151"}],"curies":[{"name":"wp","href":"https:\/\/api.w.org\/{rel}","templated":true}]}}