{"id":51,"date":"2021-09-18T14:24:35","date_gmt":"2021-09-18T21:24:35","guid":{"rendered":"https:\/\/www.guia7.com\/?post_type=product&#038;p=51"},"modified":"2026-03-31T16:50:26","modified_gmt":"2026-03-31T23:50:26","slug":"colorblock-lenormand","status":"publish","type":"product","link":"https:\/\/guia7.com\/es\/colorblock-lenormand\/","title":{"rendered":"Colorblock Lenormand"},"content":{"rendered":"<h3 data-section-id=\"1711hrv\" data-start=\"4653\" data-end=\"4692\">Print-on-demand: lo que debes saber<\/h3>\n<p data-start=\"4693\" data-end=\"4762\">Estos mazos se imprimen bajo pedido a trav\u00e9s de MakePlayingCards.com.<\/p>\n<ul data-start=\"4764\" data-end=\"4895\">\n<li data-section-id=\"izzhoq\" data-start=\"4764\" data-end=\"4816\">\n<p data-start=\"4766\" data-end=\"4816\">Producci\u00f3n + env\u00edo internacional: <strong data-start=\"4800\" data-end=\"4814\">20\u201330 d\u00edas<\/strong><\/p>\n<\/li>\n<li data-section-id=\"1vnh4tt\" data-start=\"4817\" data-end=\"4845\">\n<p data-start=\"4819\" data-end=\"4845\">Se imprimen y env\u00edan desde <strong data-start=\"4834\" data-end=\"4843\">China<\/strong><\/p>\n<\/li>\n<li data-section-id=\"1o81gto\" data-start=\"4846\" data-end=\"4895\">\n<p data-start=\"4848\" data-end=\"4895\">No hay reembolsos (producto impreso por pedido)<\/p>\n<\/li>\n<\/ul>","protected":false},"excerpt":{"rendered":"<p data-start=\"1557\" data-end=\"1659\">Minimalista. Directo. Ultra pr\u00e1ctico.<br data-start=\"1594\" data-end=\"1597\" \/>Ilustraciones en bloques de color para leer sin distracciones.<\/p>\n<ul>\n<li data-start=\"1661\" data-end=\"1823\">Tama\u00f1o cuadrado 2&#215;2\u201d (ideal para Gran Tableau)<\/li>\n<li data-start=\"1661\" data-end=\"1823\">Simbolismo limpio<\/li>\n<li data-start=\"1661\" data-end=\"1823\">Incluye cartas extra hol\u00edsticas (claridad, transmutaci\u00f3n, energ\u00eda, tecnolog\u00eda, etc.)<\/li>\n<\/ul>\n<h3>Si quieres <strong data-start=\"4188\" data-end=\"4214\">m\u00e1xima claridad visual<\/strong> en tus lecturas, el <strong data-start=\"4217\" data-end=\"4231\">Colorblock Lenormand <\/strong>es el mazo ideal para ti.<\/h3>","protected":false},"featured_media":53,"template":"","meta":{"neve_meta_sidebar":"","neve_meta_container":"","neve_meta_enable_content_width":"off","neve_meta_content_width":100,"neve_meta_title_alignment":"","neve_meta_author_avatar":"","neve_post_elements_order":"","neve_meta_disable_header":"","neve_meta_disable_footer":"","neve_meta_disable_title":""},"product_brand":[],"product_cat":[17,19],"product_tag":[22,21,23,20],"class_list":{"0":"post-51","1":"product","2":"type-product","3":"status-publish","4":"has-post-thumbnail","6":"product_cat-guia7-card-decks","7":"product_cat-lenormand","8":"product_tag-makeplayingcards","9":"product_tag-mpc","10":"product_tag-plastic","11":"product_tag-print-on-demand","13":"first","14":"instock","15":"featured","16":"taxable","17":"shipping-taxable","18":"product-type-external"},"_links":{"self":[{"href":"https:\/\/guia7.com\/es\/wp-json\/wp\/v2\/product\/51","targetHints":{"allow":["GET"]}}],"collection":[{"href":"https:\/\/guia7.com\/es\/wp-json\/wp\/v2\/product"}],"about":[{"href":"https:\/\/guia7.com\/es\/wp-json\/wp\/v2\/types\/product"}],"version-history":[{"count":16,"href":"https:\/\/guia7.com\/es\/wp-json\/wp\/v2\/product\/51\/revisions"}],"predecessor-version":[{"id":864,"href":"https:\/\/guia7.com\/es\/wp-json\/wp\/v2\/product\/51\/revisions\/864"}],"wp:featuredmedia":[{"embeddable":true,"href":"https:\/\/guia7.com\/es\/wp-json\/wp\/v2\/media\/53"}],"wp:attachment":[{"href":"https:\/\/guia7.com\/es\/wp-json\/wp\/v2\/media?parent=51"}],"wp:term":[{"taxonomy":"product_brand","embeddable":true,"href":"https:\/\/guia7.com\/es\/wp-json\/wp\/v2\/product_brand?post=51"},{"taxonomy":"product_cat","embeddable":true,"href":"https:\/\/guia7.com\/es\/wp-json\/wp\/v2\/product_cat?post=51"},{"taxonomy":"product_tag","embeddable":true,"href":"https:\/\/guia7.com\/es\/wp-json\/wp\/v2\/product_tag?post=51"}],"curies":[{"name":"wp","href":"https:\/\/api.w.org\/{rel}","templated":true}]}}